{"id":5404,"date":"2024-01-20T17:43:23","date_gmt":"2024-01-20T16:43:23","guid":{"rendered":"https:\/\/bensonsclark.com\/english\/?page_id=5404"},"modified":"2024-01-27T19:15:08","modified_gmt":"2024-01-27T18:15:08","slug":"news","status":"publish","type":"page","link":"https:\/\/bensonsclark.com\/english\/news\/","title":{"rendered":"News"},"content":{"rendered":"\t\t<div data-elementor-type=\"wp-page\" data-elementor-id=\"5404\" class=\"elementor elementor-5404\">\n\t\t\t\t\t\t\t<div class=\"elementor-element elementor-element-a896e94 e-flex e-con-boxed e-con e-parent\" data-id=\"a896e94\" data-element_type=\"container\" data-settings=\"{&quot;content_width&quot;:&quot;boxed&quot;}\" data-core-v316-plus=\"true\">\n\t\t\t\t\t<div class=\"e-con-inner\">\n\t\t<div class=\"elementor-element elementor-element-f29f275 e-con-full e-flex e-con e-child\" data-id=\"f29f275\" data-element_type=\"container\" data-settings=\"{&quot;content_width&quot;:&quot;full&quot;}\">\n\t\t\t\t<div class=\"elementor-element elementor-element-66e55cb elementor-widget elementor-widget-text-editor\" data-id=\"66e55cb\" data-element_type=\"widget\" data-widget_type=\"text-editor.default\">\n\t\t\t\t<div class=\"elementor-widget-container\">\n\t\t\t<style>\/*! elementor - v3.18.0 - 20-12-2023 *\/\n.elementor-widget-text-editor.elementor-drop-cap-view-stacked .elementor-drop-cap{background-color:#69727d;color:#fff}.elementor-widget-text-editor.elementor-drop-cap-view-framed .elementor-drop-cap{color:#69727d;border:3px solid;background-color:transparent}.elementor-widget-text-editor:not(.elementor-drop-cap-view-default) .elementor-drop-cap{margin-top:8px}.elementor-widget-text-editor:not(.elementor-drop-cap-view-default) .elementor-drop-cap-letter{width:1em;height:1em}.elementor-widget-text-editor .elementor-drop-cap{float:left;text-align:center;line-height:1;font-size:50px}.elementor-widget-text-editor .elementor-drop-cap-letter{display:inline-block}<\/style>\t\t\t\t<p>Articles of interest.<\/p>\t\t\t\t\t\t<\/div>\n\t\t\t\t<\/div>\n\t\t\t\t<div class=\"elementor-element elementor-element-be74b31 elementor-widget elementor-widget-shortcode\" data-id=\"be74b31\" data-element_type=\"widget\" data-widget_type=\"shortcode.default\">\n\t\t\t\t<div class=\"elementor-widget-container\">\n\t\t\t\t\t<div class=\"elementor-shortcode\"><section class=\"cd_noticia_section\"><a href=\"\">\n\t\t\t\t\t\t\t<h2 class=\"cd_titulo_gris\"><\/h2>\n\t\t\t\t\t\t<\/a><section class=\"cd_noticia_section\"><article class=\"cd_noticia_popular\"><a href=\"https:\/\/bensonsclark.com\/english\/tu-marca-es-famosa-en-redes-registrala-o-pierdela\/\"><div class=\"cd_noticia_popular-imagen\"><img loading=\"lazy\" width=\"600\" height=\"248\" src=\"https:\/\/bensonsclark.com\/english\/wp-content\/uploads\/2025\/01\/branding.webp\" class=\"attachment-post-thumbnail size-post-thumbnail wp-post-image\" alt=\"\" decoding=\"async\" loading=\"lazy\" \/><\/div><div class=\"cd_noticia_popular_info\"> \n\t\t\t\t\t\t\t\t\t\t\t\t<div class=\"cd_noticia_popular_info_contenido\">\n\t\t\t\t\t\t\t\t\t\t\t\t\t<a href=\"https:\/\/bensonsclark.com\/english\/tu-marca-es-famosa-en-redes-registrala-o-pierdela\/\"><h3 class=\"md_be_titulo_blog\">\u00bfTu Marca es Famosa en Redes? Reg\u00edstrala o Pi\u00e9rdela<\/h3><\/a>\n\t\t\t\t\t\t\t\t\t\t\t\t\t<address class=\"md_be_fecha_blog\">January 20 , 2025<\/address>\n\t\t\t\t\t\t\t\t\t\t\t\t\t<p class=\"md_be_parrafo_blog_preview\">Tu \u00e9xito en redes sociales no protege tu marca: reg\u00edstrala antes de que alguien m\u00e1s lo haga<\/p>\n\t\t\t\t\t\t\t\t\t\t\t\t\t<button class=\"cd_noticia_popular_info_btn\">Read More >><\/button><\/div>\n\t\t\t\t\t\t\t\t\t\t\t<\/div> <\/a> <\/article><article class=\"cd_noticia_popular\"><a href=\"https:\/\/bensonsclark.com\/english\/contratar-inteligentemente-el-secreto-para-evitar-millonarias-sanciones-y-blindar-tu-empresa\/\"><div class=\"cd_noticia_popular-imagen\"><img loading=\"lazy\" width=\"600\" height=\"248\" src=\"https:\/\/bensonsclark.com\/english\/wp-content\/uploads\/2025\/01\/contrato-laboral.webp\" class=\"attachment-post-thumbnail size-post-thumbnail wp-post-image\" alt=\"\" decoding=\"async\" loading=\"lazy\" \/><\/div><div class=\"cd_noticia_popular_info\"> \n\t\t\t\t\t\t\t\t\t\t\t\t<div class=\"cd_noticia_popular_info_contenido\">\n\t\t\t\t\t\t\t\t\t\t\t\t\t<a href=\"https:\/\/bensonsclark.com\/english\/contratar-inteligentemente-el-secreto-para-evitar-millonarias-sanciones-y-blindar-tu-empresa\/\"><h3 class=\"md_be_titulo_blog\">Contratar inteligentemente: el secreto para evitar millonarias sanciones y blindar tu empresa<\/h3><\/a>\n\t\t\t\t\t\t\t\t\t\t\t\t\t<address class=\"md_be_fecha_blog\">January 20 , 2025<\/address>\n\t\t\t\t\t\t\t\t\t\t\t\t\t<p class=\"md_be_parrafo_blog_preview\">Esta pregunta es muy com\u00fan entre los empresarios del pa\u00eds y conocer la respuesta los puede salvar de tener a sus empleados bajo la figura de un contrato realidad de trabajo<\/p>\n\t\t\t\t\t\t\t\t\t\t\t\t\t<button class=\"cd_noticia_popular_info_btn\">Read More >><\/button><\/div>\n\t\t\t\t\t\t\t\t\t\t\t<\/div> <\/a> <\/article><article class=\"cd_noticia_popular\"><a href=\"https:\/\/bensonsclark.com\/english\/el-futuro-de-tu-familia-depende-de-las-decisiones-que-tomes-hoy\/\"><div class=\"cd_noticia_popular-imagen\"><img loading=\"lazy\" width=\"600\" height=\"248\" src=\"https:\/\/bensonsclark.com\/english\/wp-content\/uploads\/2025\/01\/patromonio.webp\" class=\"attachment-post-thumbnail size-post-thumbnail wp-post-image\" alt=\"patromonio\" decoding=\"async\" loading=\"lazy\" \/><\/div><div class=\"cd_noticia_popular_info\"> \n\t\t\t\t\t\t\t\t\t\t\t\t<div class=\"cd_noticia_popular_info_contenido\">\n\t\t\t\t\t\t\t\t\t\t\t\t\t<a href=\"https:\/\/bensonsclark.com\/english\/el-futuro-de-tu-familia-depende-de-las-decisiones-que-tomes-hoy\/\"><h3 class=\"md_be_titulo_blog\">El futuro de tu familia depende de las decisiones que tomes hoy<\/h3><\/a>\n\t\t\t\t\t\t\t\t\t\t\t\t\t<address class=\"md_be_fecha_blog\">January 20 , 2025<\/address>\n\t\t\t\t\t\t\t\t\t\t\t\t\t<p class=\"md_be_parrafo_blog_preview\">Las crisis econ\u00f3micas, los embargos, la devaluaci\u00f3n y hasta los errores legales pueden destruir en d\u00edas lo que tardaste a\u00f1os en construir.<\/p>\n\t\t\t\t\t\t\t\t\t\t\t\t\t<button class=\"cd_noticia_popular_info_btn\">Read More >><\/button><\/div>\n\t\t\t\t\t\t\t\t\t\t\t<\/div> <\/a> <\/article><article class=\"cd_noticia_popular\"><a href=\"https:\/\/bensonsclark.com\/english\/victoria-legal-para-campesinos-en-caso-de-arrendamiento-de-tierras-rurales\/\"><div class=\"cd_noticia_popular-imagen\"><img loading=\"lazy\" width=\"600\" height=\"248\" src=\"https:\/\/bensonsclark.com\/english\/wp-content\/uploads\/2024\/01\/Portadalas2orillas-2.jpg\" class=\"attachment-post-thumbnail size-post-thumbnail wp-post-image\" alt=\"\" decoding=\"async\" loading=\"lazy\" \/><\/div><div class=\"cd_noticia_popular_info\"> \n\t\t\t\t\t\t\t\t\t\t\t\t<div class=\"cd_noticia_popular_info_contenido\">\n\t\t\t\t\t\t\t\t\t\t\t\t\t<a href=\"https:\/\/bensonsclark.com\/english\/victoria-legal-para-campesinos-en-caso-de-arrendamiento-de-tierras-rurales\/\"><h3 class=\"md_be_titulo_blog\">Victoria legal para campesinos en caso de arrendamiento de tierras rurales<\/h3><\/a>\n\t\t\t\t\t\t\t\t\t\t\t\t\t<address class=\"md_be_fecha_blog\">January 27 , 2024<\/address>\n\t\t\t\t\t\t\t\t\t\t\t\t\t<p class=\"md_be_parrafo_blog_preview\">Un fallo hist\u00f3rico de la Corte Suprema de Justicia est\u00e1 generando esperanza para los campesinos involucrados en contratos de arrendamiento de tierras rurales. El 18 de julio, la sala civil de la Corte Suprema anul\u00f3 la sentencia No SC194-2023, presentada por el Dr. Ram\u00f3n Antonio Pel\u00e1ez Hern\u00e1ndez de Bensons Clark. Este fallo tiene un significado [&hellip;]<\/p>\n\t\t\t\t\t\t\t\t\t\t\t\t\t<button class=\"cd_noticia_popular_info_btn\">Read More >><\/button><\/div>\n\t\t\t\t\t\t\t\t\t\t\t<\/div> <\/a> <\/article><article class=\"cd_noticia_popular\"><a href=\"https:\/\/bensonsclark.com\/english\/the-legal-500-reconoce-a-bensons-clark\/\"><div class=\"cd_noticia_popular-imagen\"><img loading=\"lazy\" width=\"376\" height=\"155\" src=\"https:\/\/bensonsclark.com\/english\/wp-content\/uploads\/2022\/11\/Blog_500-1.jpg\" class=\"attachment-post-thumbnail size-post-thumbnail wp-post-image\" alt=\"the legal 500\" decoding=\"async\" loading=\"lazy\" \/><img decoding=\"async\" src=\"https:\/\/bensonsclark.com\/english\/wp-content\/themes\/bensonsClark\/assets\/images\/logos\/medalla.png\" alt=\"reconocimiento\" class=\"bc_img_reconocimiento\"><\/div><div class=\"cd_noticia_popular_info\"> \n\t\t\t\t\t\t\t\t\t\t\t\t<div class=\"cd_noticia_popular_info_contenido\">\n\t\t\t\t\t\t\t\t\t\t\t\t\t<a href=\"https:\/\/bensonsclark.com\/english\/the-legal-500-reconoce-a-bensons-clark\/\"><h3 class=\"md_be_titulo_blog\">The Legal 500 reconoce a Bensons Clark como una firma emergente y relevante en casos empresariales, fusiones y adquisiciones.<\/h3><\/a>\n\t\t\t\t\t\t\t\t\t\t\t\t\t<address class=\"md_be_fecha_blog\">November 23 , 2022<\/address>\n\t\t\t\t\t\t\t\t\t\t\t\t\t<p class=\"md_be_parrafo_blog_preview\">El prestigioso directorio internacional &nbsp; The Legal 500, famoso por investigar y clasificar a las mejores firmas de abogados alrededor del mundo, ha incluido a Bensons Clark en su ranking anual. La firma ha sido nombrada en la categor\u00eda de empresas a tener en cuenta, por su arduo y exitoso trabajo en la representaci\u00f3n de [&hellip;]<\/p>\n\t\t\t\t\t\t\t\t\t\t\t\t\t<button class=\"cd_noticia_popular_info_btn\">Read More >><\/button><\/div>\n\t\t\t\t\t\t\t\t\t\t\t<\/div> <\/a> <\/article><article class=\"cd_noticia_popular\"><a href=\"https:\/\/bensonsclark.com\/english\/formas-de-organizacion-laboral-teletrabajo\/\"><div class=\"cd_noticia_popular-imagen\"><img loading=\"lazy\" width=\"600\" height=\"248\" src=\"https:\/\/bensonsclark.com\/english\/wp-content\/uploads\/2022\/04\/Teletrabajo-1.jpg\" class=\"attachment-post-thumbnail size-post-thumbnail wp-post-image\" alt=\"Teletrabajo\" decoding=\"async\" loading=\"lazy\" \/><\/div><div class=\"cd_noticia_popular_info\"> \n\t\t\t\t\t\t\t\t\t\t\t\t<div class=\"cd_noticia_popular_info_contenido\">\n\t\t\t\t\t\t\t\t\t\t\t\t\t<a href=\"https:\/\/bensonsclark.com\/english\/formas-de-organizacion-laboral-teletrabajo\/\"><h3 class=\"md_be_titulo_blog\">Formas de organizaci\u00f3n laboral: teletrabajo, trabajo en casa y trabajo remoto<\/h3><\/a>\n\t\t\t\t\t\t\t\t\t\t\t\t\t<address class=\"md_be_fecha_blog\">April 26 , 2022<\/address>\n\t\t\t\t\t\t\t\t\t\t\t\t\t<p class=\"md_be_parrafo_blog_preview\">Muchos empleadores y trabajadores a\u00fan no tienen claridad en qu\u00e9 consiste cada una de las formas de organizaci\u00f3n laboral, al punto de llegar a pensar que son lo mismo y lo que es peor ejecutarlas de manera incorrecta. Por ello, es de vital importancia identificar las diferencias entre estas para evitar que se incurra en vulneraciones a los derechos que le asistir\u00e1n a los trabajadores. <\/p>\n\t\t\t\t\t\t\t\t\t\t\t\t\t<button class=\"cd_noticia_popular_info_btn\">Read More >><\/button><\/div>\n\t\t\t\t\t\t\t\t\t\t\t<\/div> <\/a> <\/article><article class=\"cd_noticia_popular\"><a href=\"https:\/\/bensonsclark.com\/english\/registro-de-marca-proteccion-comercial\/\"><div class=\"cd_noticia_popular-imagen\"><img loading=\"lazy\" width=\"600\" height=\"248\" src=\"https:\/\/bensonsclark.com\/english\/wp-content\/uploads\/2021\/11\/marca-1.webp\" class=\"attachment-post-thumbnail size-post-thumbnail wp-post-image\" alt=\"copyright\" decoding=\"async\" loading=\"lazy\" \/><\/div><div class=\"cd_noticia_popular_info\"> \n\t\t\t\t\t\t\t\t\t\t\t\t<div class=\"cd_noticia_popular_info_contenido\">\n\t\t\t\t\t\t\t\t\t\t\t\t\t<a href=\"https:\/\/bensonsclark.com\/english\/registro-de-marca-proteccion-comercial\/\"><h3 class=\"md_be_titulo_blog\">Registrar la marca es generar ganancia y proteger su actividad comercial.<\/h3><\/a>\n\t\t\t\t\t\t\t\t\t\t\t\t\t<address class=\"md_be_fecha_blog\">November 10 , 2021<\/address>\n\t\t\t\t\t\t\t\t\t\t\t\t\t<p class=\"md_be_parrafo_blog_preview\">Registrar una marca, activo intangible, es elemento diferenciador, que le permite tanto a empresarios como a consumidores, diferenciar el portafolio de productos y servicios, su calidad, procedencia y bagaje. La marca es un activo intangible para el empresario, blind\u00e1ndolo e impidiendo que terceros comercialicen con marcas y productos similares.<\/p>\n\t\t\t\t\t\t\t\t\t\t\t\t\t<button class=\"cd_noticia_popular_info_btn\">Read More >><\/button><\/div>\n\t\t\t\t\t\t\t\t\t\t\t<\/div> <\/a> <\/article><article class=\"cd_noticia_popular\"><a href=\"https:\/\/bensonsclark.com\/english\/simplifique-su-negocio-constituya-una-sas\/\"><div class=\"cd_noticia_popular-imagen\"><img loading=\"lazy\" width=\"600\" height=\"248\" src=\"https:\/\/bensonsclark.com\/english\/wp-content\/uploads\/2021\/09\/sas-1.webp\" class=\"attachment-post-thumbnail size-post-thumbnail wp-post-image\" alt=\"sas\" decoding=\"async\" loading=\"lazy\" \/><\/div><div class=\"cd_noticia_popular_info\"> \n\t\t\t\t\t\t\t\t\t\t\t\t<div class=\"cd_noticia_popular_info_contenido\">\n\t\t\t\t\t\t\t\t\t\t\t\t\t<a href=\"https:\/\/bensonsclark.com\/english\/simplifique-su-negocio-constituya-una-sas\/\"><h3 class=\"md_be_titulo_blog\">Simplifique su negocio: Constituya una SAS<\/h3><\/a>\n\t\t\t\t\t\t\t\t\t\t\t\t\t<address class=\"md_be_fecha_blog\">September 29 , 2021<\/address>\n\t\t\t\t\t\t\t\t\t\t\t\t\t<p class=\"md_be_parrafo_blog_preview\">La reducci\u00f3n de costos de transacci\u00f3n aunado a una estructura sencilla sin innecesarios formalismos ha logrado calar en empresarios locales y extranjeros que inician sus negocios en Colombia.  Miles de empresas constituidas en tipos societarios previos a las SAS han migrado a esta por las ventajas que ofrece. <\/p>\n\t\t\t\t\t\t\t\t\t\t\t\t\t<button class=\"cd_noticia_popular_info_btn\">Read More >><\/button><\/div>\n\t\t\t\t\t\t\t\t\t\t\t<\/div> <\/a> <\/article><article class=\"cd_noticia_popular\"><a href=\"https:\/\/bensonsclark.com\/english\/los-derechos-del-consumidor-financiero\/\"><div class=\"cd_noticia_popular-imagen\"><img loading=\"lazy\" width=\"600\" height=\"248\" src=\"https:\/\/bensonsclark.com\/english\/wp-content\/uploads\/2021\/09\/derechos_del_consumidor-1.webp\" class=\"attachment-post-thumbnail size-post-thumbnail wp-post-image\" alt=\"consumidor financiero\" decoding=\"async\" loading=\"lazy\" \/><\/div><div class=\"cd_noticia_popular_info\"> \n\t\t\t\t\t\t\t\t\t\t\t\t<div class=\"cd_noticia_popular_info_contenido\">\n\t\t\t\t\t\t\t\t\t\t\t\t\t<a href=\"https:\/\/bensonsclark.com\/english\/los-derechos-del-consumidor-financiero\/\"><h3 class=\"md_be_titulo_blog\">Los derechos del consumidor financiero: un triunfo de la Constituci\u00f3n del 91<\/h3><\/a>\n\t\t\t\t\t\t\t\t\t\t\t\t\t<address class=\"md_be_fecha_blog\">September 29 , 2021<\/address>\n\t\t\t\t\t\t\t\t\t\t\t\t\t<p class=\"md_be_parrafo_blog_preview\">Existen pr\u00e1cticas abusivas cuando la entidad para ofrecer un producto financiero le indica al consumidor que debe adquirir otro servicio prestado por la misma entidad, com\u00fanmente se le denomina venta atada. Otro ejemplo de abuso corresponde a la pr\u00e1ctica de iniciar o renovar productos sin la previa solicitud del consumidor.<\/p>\n\t\t\t\t\t\t\t\t\t\t\t\t\t<button class=\"cd_noticia_popular_info_btn\">Read More >><\/button><\/div>\n\t\t\t\t\t\t\t\t\t\t\t<\/div> <\/a> <\/article><article class=\"cd_noticia_popular\"><a href=\"https:\/\/bensonsclark.com\/english\/empresas-en-crisis-economica\/\"><div class=\"cd_noticia_popular-imagen\"><img loading=\"lazy\" width=\"600\" height=\"248\" src=\"https:\/\/bensonsclark.com\/english\/wp-content\/uploads\/2021\/09\/Ley_de_insolvencia-1.webp\" class=\"attachment-post-thumbnail size-post-thumbnail wp-post-image\" alt=\"Ley de insolvencia\" decoding=\"async\" loading=\"lazy\" \/><\/div><div class=\"cd_noticia_popular_info\"> \n\t\t\t\t\t\t\t\t\t\t\t\t<div class=\"cd_noticia_popular_info_contenido\">\n\t\t\t\t\t\t\t\t\t\t\t\t\t<a href=\"https:\/\/bensonsclark.com\/english\/empresas-en-crisis-economica\/\"><h3 class=\"md_be_titulo_blog\">Ley de insolvencia: un alivio financiero para las empresas en crisis econ\u00f3mica<\/h3><\/a>\n\t\t\t\t\t\t\t\t\t\t\t\t\t<address class=\"md_be_fecha_blog\">September 29 , 2021<\/address>\n\t\t\t\t\t\t\t\t\t\t\t\t\t<p class=\"md_be_parrafo_blog_preview\">En caso de que su empresa haya dejado de cumplir sus obligaciones o inevitablemente dejar\u00e1 de pagarles a sus acreedores, esta herramienta jur\u00eddica puede ser su salvavidas financiero<\/p>\n\t\t\t\t\t\t\t\t\t\t\t\t\t<button class=\"cd_noticia_popular_info_btn\">Read More >><\/button><\/div>\n\t\t\t\t\t\t\t\t\t\t\t<\/div> <\/a> <\/article><\/section><\/div>\n\t\t\t\t<\/div>\n\t\t\t\t<\/div>\n\t\t\t\t<\/div>\n\t\t\t\t\t<\/div>\n\t\t\t\t<\/div>\n\t\t\t\t\t\t\t<\/div>\n\t\t","protected":false},"excerpt":{"rendered":"<p>Articles of interest.<\/p>\n","protected":false},"author":1,"featured_media":0,"parent":0,"menu_order":0,"comment_status":"closed","ping_status":"closed","template":"","meta":{"inline_featured_image":false},"yoast_head":"<!-- This site is optimized with the Yoast SEO plugin v19.14 - https:\/\/yoast.com\/wordpress\/plugins\/seo\/ -->\n<title>News - Bensons Clark<\/title>\n<meta name=\"robots\" content=\"index, follow, max-snippet:-1, max-image-preview:large, max-video-preview:-1\" \/>\n<link rel=\"canonical\" href=\"https:\/\/bensonsclark.com\/english\/news\/\" \/>\n<meta property=\"og:locale\" content=\"en_US\" \/>\n<meta property=\"og:type\" content=\"article\" \/>\n<meta property=\"og:title\" content=\"News - Bensons Clark\" \/>\n<meta property=\"og:description\" content=\"Articles of interest.\" \/>\n<meta property=\"og:url\" content=\"https:\/\/bensonsclark.com\/english\/news\/\" \/>\n<meta property=\"og:site_name\" content=\"Bensons Clark\" \/>\n<meta property=\"article:modified_time\" content=\"2024-01-27T18:15:08+00:00\" \/>\n<meta name=\"twitter:card\" content=\"summary_large_image\" \/>\n<meta name=\"twitter:label1\" content=\"Est. reading time\" \/>\n\t<meta name=\"twitter:data1\" content=\"4 minutes\" \/>\n<script type=\"application\/ld+json\" class=\"yoast-schema-graph\">{\"@context\":\"https:\/\/schema.org\",\"@graph\":[{\"@type\":\"WebPage\",\"@id\":\"https:\/\/bensonsclark.com\/english\/news\/\",\"url\":\"https:\/\/bensonsclark.com\/english\/news\/\",\"name\":\"News - Bensons Clark\",\"isPartOf\":{\"@id\":\"https:\/\/bensonsclark.com\/english\/#website\"},\"datePublished\":\"2024-01-20T16:43:23+00:00\",\"dateModified\":\"2024-01-27T18:15:08+00:00\",\"breadcrumb\":{\"@id\":\"https:\/\/bensonsclark.com\/english\/news\/#breadcrumb\"},\"inLanguage\":\"en-US\",\"potentialAction\":[{\"@type\":\"ReadAction\",\"target\":[\"https:\/\/bensonsclark.com\/english\/news\/\"]}]},{\"@type\":\"BreadcrumbList\",\"@id\":\"https:\/\/bensonsclark.com\/english\/news\/#breadcrumb\",\"itemListElement\":[{\"@type\":\"ListItem\",\"position\":1,\"name\":\"Portada\",\"item\":\"https:\/\/bensonsclark.com\/english\/\"},{\"@type\":\"ListItem\",\"position\":2,\"name\":\"News\"}]},{\"@type\":\"WebSite\",\"@id\":\"https:\/\/bensonsclark.com\/english\/#website\",\"url\":\"https:\/\/bensonsclark.com\/english\/\",\"name\":\"Bensons Clark\",\"description\":\"\",\"potentialAction\":[{\"@type\":\"SearchAction\",\"target\":{\"@type\":\"EntryPoint\",\"urlTemplate\":\"https:\/\/bensonsclark.com\/english\/?s={search_term_string}\"},\"query-input\":\"required name=search_term_string\"}],\"inLanguage\":\"en-US\"}]}<\/script>\n<!-- \/ Yoast SEO plugin. -->","yoast_head_json":{"title":"News - Bensons Clark","robots":{"index":"index","follow":"follow","max-snippet":"max-snippet:-1","max-image-preview":"max-image-preview:large","max-video-preview":"max-video-preview:-1"},"canonical":"https:\/\/bensonsclark.com\/english\/news\/","og_locale":"en_US","og_type":"article","og_title":"News - Bensons Clark","og_description":"Articles of interest.","og_url":"https:\/\/bensonsclark.com\/english\/news\/","og_site_name":"Bensons Clark","article_modified_time":"2024-01-27T18:15:08+00:00","twitter_card":"summary_large_image","twitter_misc":{"Est. reading time":"4 minutes"},"schema":{"@context":"https:\/\/schema.org","@graph":[{"@type":"WebPage","@id":"https:\/\/bensonsclark.com\/english\/news\/","url":"https:\/\/bensonsclark.com\/english\/news\/","name":"News - Bensons Clark","isPartOf":{"@id":"https:\/\/bensonsclark.com\/english\/#website"},"datePublished":"2024-01-20T16:43:23+00:00","dateModified":"2024-01-27T18:15:08+00:00","breadcrumb":{"@id":"https:\/\/bensonsclark.com\/english\/news\/#breadcrumb"},"inLanguage":"en-US","potentialAction":[{"@type":"ReadAction","target":["https:\/\/bensonsclark.com\/english\/news\/"]}]},{"@type":"BreadcrumbList","@id":"https:\/\/bensonsclark.com\/english\/news\/#breadcrumb","itemListElement":[{"@type":"ListItem","position":1,"name":"Portada","item":"https:\/\/bensonsclark.com\/english\/"},{"@type":"ListItem","position":2,"name":"News"}]},{"@type":"WebSite","@id":"https:\/\/bensonsclark.com\/english\/#website","url":"https:\/\/bensonsclark.com\/english\/","name":"Bensons Clark","description":"","potentialAction":[{"@type":"SearchAction","target":{"@type":"EntryPoint","urlTemplate":"https:\/\/bensonsclark.com\/english\/?s={search_term_string}"},"query-input":"required name=search_term_string"}],"inLanguage":"en-US"}]}},"_links":{"self":[{"href":"https:\/\/bensonsclark.com\/english\/wp-json\/wp\/v2\/pages\/5404"}],"collection":[{"href":"https:\/\/bensonsclark.com\/english\/wp-json\/wp\/v2\/pages"}],"about":[{"href":"https:\/\/bensonsclark.com\/english\/wp-json\/wp\/v2\/types\/page"}],"author":[{"embeddable":true,"href":"https:\/\/bensonsclark.com\/english\/wp-json\/wp\/v2\/users\/1"}],"replies":[{"embeddable":true,"href":"https:\/\/bensonsclark.com\/english\/wp-json\/wp\/v2\/comments?post=5404"}],"version-history":[{"count":10,"href":"https:\/\/bensonsclark.com\/english\/wp-json\/wp\/v2\/pages\/5404\/revisions"}],"predecessor-version":[{"id":5454,"href":"https:\/\/bensonsclark.com\/english\/wp-json\/wp\/v2\/pages\/5404\/revisions\/5454"}],"wp:attachment":[{"href":"https:\/\/bensonsclark.com\/english\/wp-json\/wp\/v2\/media?parent=5404"}],"curies":[{"name":"wp","href":"https:\/\/api.w.org\/{rel}","templated":true}]}}