{"id":5414,"date":"2024-01-20T17:47:56","date_gmt":"2024-01-20T16:47:56","guid":{"rendered":"https:\/\/bensonsclark.com\/english\/?page_id=5414"},"modified":"2024-01-27T19:25:33","modified_gmt":"2024-01-27T18:25:33","slug":"videos","status":"publish","type":"page","link":"https:\/\/bensonsclark.com\/english\/videos\/","title":{"rendered":"Videos"},"content":{"rendered":"\t\t<div data-elementor-type=\"wp-page\" data-elementor-id=\"5414\" class=\"elementor elementor-5414\">\n\t\t\t\t\t\t\t\t\t<section class=\"elementor-section elementor-top-section elementor-element elementor-element-30da6bc elementor-section-boxed elementor-section-height-default elementor-section-height-default\" data-id=\"30da6bc\" data-element_type=\"section\">\n\t\t\t\t\t\t<div class=\"elementor-container elementor-column-gap-default\">\n\t\t\t\t\t<div class=\"elementor-column elementor-col-100 elementor-top-column elementor-element elementor-element-c333fb5\" data-id=\"c333fb5\" data-element_type=\"column\">\n\t\t\t<div class=\"elementor-widget-wrap elementor-element-populated\">\n\t\t\t\t\t\t\t\t<div class=\"elementor-element elementor-element-655ffe8 elementor-widget elementor-widget-text-editor\" data-id=\"655ffe8\" data-element_type=\"widget\" data-widget_type=\"text-editor.default\">\n\t\t\t\t<div class=\"elementor-widget-container\">\n\t\t\t<style>\/*! elementor - v3.18.0 - 20-12-2023 *\/\n.elementor-widget-text-editor.elementor-drop-cap-view-stacked .elementor-drop-cap{background-color:#69727d;color:#fff}.elementor-widget-text-editor.elementor-drop-cap-view-framed .elementor-drop-cap{color:#69727d;border:3px solid;background-color:transparent}.elementor-widget-text-editor:not(.elementor-drop-cap-view-default) .elementor-drop-cap{margin-top:8px}.elementor-widget-text-editor:not(.elementor-drop-cap-view-default) .elementor-drop-cap-letter{width:1em;height:1em}.elementor-widget-text-editor .elementor-drop-cap{float:left;text-align:center;line-height:1;font-size:50px}.elementor-widget-text-editor .elementor-drop-cap-letter{display:inline-block}<\/style>\t\t\t\t<p>In this section you will find the most relevant legal topics of our practice areas.<\/p>\t\t\t\t\t\t<\/div>\n\t\t\t\t<\/div>\n\t\t\t\t<div class=\"elementor-element elementor-element-9834ffa elementor-widget elementor-widget-shortcode\" data-id=\"9834ffa\" data-element_type=\"widget\" data-widget_type=\"shortcode.default\">\n\t\t\t\t<div class=\"elementor-widget-container\">\n\t\t\t\t\t<div class=\"elementor-shortcode\"><section class=\"md_anchoPagina cd_bc_blog_cont  md_blog_cont_2_info_activo\" id=\"md_blog_cont_menu_dos_6\" ><article class=\"cd_blog_noticia_popular\"><a href=\"https:\/\/bensonsclark.com\/english\/procesos-legales-en-la-nueva-era-digital\/\" class=\"cd_blog\"><div class=\"cd_blog_noticia_popular-imagen\"><img loading=\"lazy\" width=\"600\" height=\"248\" src=\"https:\/\/bensonsclark.com\/english\/wp-content\/uploads\/2022\/11\/Pelaez-1.webp\" class=\"attachment-post-thumbnail size-post-thumbnail wp-post-image\" alt=\"Ramon pelaez\" decoding=\"async\" loading=\"lazy\" \/><\/div><div class=\"cd_blog_noticia_popular_info\"> <div class=\"cd_blog_noticia_popular_info_contenido\"><a href=\"https:\/\/bensonsclark.com\/english\/procesos-legales-en-la-nueva-era-digital\/\"><h3 class=\"md_be_titulo_blog\">Procesos Legales en La Nueva Era Digital<\/h3><\/a><address class=\"md_be_blog_fecha_blog\">January 20 , 2024<\/address><p class=\"md_be_parrafo_blog_preview\">Nuestro Asociado el Dr Ram\u00f3n Antonio Pel\u00e1ez brinda una apreciaci\u00f3n acerca de c\u00f3mo las tecnolog\u00edas trascendieron en la pandemia para apalancar y optimizar procesos legales.<\/p><button class=\"cd_blog_noticia_popular_info_btn\">Ver m\u00e1s >><\/button><\/div><\/div><\/a><\/article><article class=\"cd_blog_noticia_popular\"><a href=\"https:\/\/bensonsclark.com\/english\/tramites-a-realizar-para-laborar-horas-extras-en-colombia\/\" class=\"cd_blog\"><div class=\"cd_blog_noticia_popular-imagen\"><img loading=\"lazy\" width=\"600\" height=\"248\" src=\"https:\/\/bensonsclark.com\/english\/wp-content\/uploads\/2022\/11\/Mahecha-1.webp\" class=\"attachment-post-thumbnail size-post-thumbnail wp-post-image\" alt=\"Dayan Mahecha\" decoding=\"async\" loading=\"lazy\" \/><\/div><div class=\"cd_blog_noticia_popular_info\"> <div class=\"cd_blog_noticia_popular_info_contenido\"><a href=\"https:\/\/bensonsclark.com\/english\/tramites-a-realizar-para-laborar-horas-extras-en-colombia\/\"><h3 class=\"md_be_titulo_blog\">Tr\u00e1mites a realizar para laborar horas extras en Colombia<\/h3><\/a><address class=\"md_be_blog_fecha_blog\">January 20 , 2024<\/address><p class=\"md_be_parrafo_blog_preview\">Nuestra Abogada Especializada en Derecho Laboral Dayan Mahecha explica brevemente que tr\u00e1mites debes realizar como empleador para que tus colaboradores puedan laborar horas extras en Colombia.<\/p><button class=\"cd_blog_noticia_popular_info_btn\">Ver m\u00e1s >><\/button><\/div><\/div><\/a><\/article><\/section><\/div>\n\t\t\t\t<\/div>\n\t\t\t\t<\/div>\n\t\t\t\t\t<\/div>\n\t\t<\/div>\n\t\t\t\t\t\t\t<\/div>\n\t\t<\/section>\n\t\t\t\t\t\t\t<\/div>\n\t\t","protected":false},"excerpt":{"rendered":"<p>In this section you will find the most relevant legal topics of our practice areas.<\/p>\n","protected":false},"author":1,"featured_media":0,"parent":0,"menu_order":0,"comment_status":"closed","ping_status":"closed","template":"","meta":{"inline_featured_image":false},"yoast_head":"<!-- This site is optimized with the Yoast SEO plugin v19.14 - https:\/\/yoast.com\/wordpress\/plugins\/seo\/ -->\n<title>Videos - Bensons Clark<\/title>\n<meta name=\"description\" content=\"In this section you will find the most relevant legal topics of our practice areas.\" \/>\n<meta name=\"robots\" content=\"index, follow, max-snippet:-1, max-image-preview:large, max-video-preview:-1\" \/>\n<link rel=\"canonical\" href=\"https:\/\/bensonsclark.com\/english\/videos\/\" \/>\n<meta property=\"og:locale\" content=\"en_US\" \/>\n<meta property=\"og:type\" content=\"article\" \/>\n<meta property=\"og:title\" content=\"Videos - Bensons Clark\" \/>\n<meta property=\"og:description\" content=\"In this section you will find the most relevant legal topics of our practice areas.\" \/>\n<meta property=\"og:url\" content=\"https:\/\/bensonsclark.com\/english\/videos\/\" \/>\n<meta property=\"og:site_name\" content=\"Bensons Clark\" \/>\n<meta property=\"article:modified_time\" content=\"2024-01-27T18:25:33+00:00\" \/>\n<meta name=\"twitter:card\" content=\"summary_large_image\" \/>\n<meta name=\"twitter:label1\" content=\"Est. reading time\" \/>\n\t<meta name=\"twitter:data1\" content=\"1 minute\" \/>\n<script type=\"application\/ld+json\" class=\"yoast-schema-graph\">{\"@context\":\"https:\/\/schema.org\",\"@graph\":[{\"@type\":\"WebPage\",\"@id\":\"https:\/\/bensonsclark.com\/english\/videos\/\",\"url\":\"https:\/\/bensonsclark.com\/english\/videos\/\",\"name\":\"Videos - Bensons Clark\",\"isPartOf\":{\"@id\":\"https:\/\/bensonsclark.com\/english\/#website\"},\"datePublished\":\"2024-01-20T16:47:56+00:00\",\"dateModified\":\"2024-01-27T18:25:33+00:00\",\"description\":\"In this section you will find the most relevant legal topics of our practice areas.\",\"breadcrumb\":{\"@id\":\"https:\/\/bensonsclark.com\/english\/videos\/#breadcrumb\"},\"inLanguage\":\"en-US\",\"potentialAction\":[{\"@type\":\"ReadAction\",\"target\":[\"https:\/\/bensonsclark.com\/english\/videos\/\"]}]},{\"@type\":\"BreadcrumbList\",\"@id\":\"https:\/\/bensonsclark.com\/english\/videos\/#breadcrumb\",\"itemListElement\":[{\"@type\":\"ListItem\",\"position\":1,\"name\":\"Portada\",\"item\":\"https:\/\/bensonsclark.com\/english\/\"},{\"@type\":\"ListItem\",\"position\":2,\"name\":\"Videos\"}]},{\"@type\":\"WebSite\",\"@id\":\"https:\/\/bensonsclark.com\/english\/#website\",\"url\":\"https:\/\/bensonsclark.com\/english\/\",\"name\":\"Bensons Clark\",\"description\":\"\",\"potentialAction\":[{\"@type\":\"SearchAction\",\"target\":{\"@type\":\"EntryPoint\",\"urlTemplate\":\"https:\/\/bensonsclark.com\/english\/?s={search_term_string}\"},\"query-input\":\"required name=search_term_string\"}],\"inLanguage\":\"en-US\"}]}<\/script>\n<!-- \/ Yoast SEO plugin. -->","yoast_head_json":{"title":"Videos - Bensons Clark","description":"In this section you will find the most relevant legal topics of our practice areas.","robots":{"index":"index","follow":"follow","max-snippet":"max-snippet:-1","max-image-preview":"max-image-preview:large","max-video-preview":"max-video-preview:-1"},"canonical":"https:\/\/bensonsclark.com\/english\/videos\/","og_locale":"en_US","og_type":"article","og_title":"Videos - Bensons Clark","og_description":"In this section you will find the most relevant legal topics of our practice areas.","og_url":"https:\/\/bensonsclark.com\/english\/videos\/","og_site_name":"Bensons Clark","article_modified_time":"2024-01-27T18:25:33+00:00","twitter_card":"summary_large_image","twitter_misc":{"Est. reading time":"1 minute"},"schema":{"@context":"https:\/\/schema.org","@graph":[{"@type":"WebPage","@id":"https:\/\/bensonsclark.com\/english\/videos\/","url":"https:\/\/bensonsclark.com\/english\/videos\/","name":"Videos - Bensons Clark","isPartOf":{"@id":"https:\/\/bensonsclark.com\/english\/#website"},"datePublished":"2024-01-20T16:47:56+00:00","dateModified":"2024-01-27T18:25:33+00:00","description":"In this section you will find the most relevant legal topics of our practice areas.","breadcrumb":{"@id":"https:\/\/bensonsclark.com\/english\/videos\/#breadcrumb"},"inLanguage":"en-US","potentialAction":[{"@type":"ReadAction","target":["https:\/\/bensonsclark.com\/english\/videos\/"]}]},{"@type":"BreadcrumbList","@id":"https:\/\/bensonsclark.com\/english\/videos\/#breadcrumb","itemListElement":[{"@type":"ListItem","position":1,"name":"Portada","item":"https:\/\/bensonsclark.com\/english\/"},{"@type":"ListItem","position":2,"name":"Videos"}]},{"@type":"WebSite","@id":"https:\/\/bensonsclark.com\/english\/#website","url":"https:\/\/bensonsclark.com\/english\/","name":"Bensons Clark","description":"","potentialAction":[{"@type":"SearchAction","target":{"@type":"EntryPoint","urlTemplate":"https:\/\/bensonsclark.com\/english\/?s={search_term_string}"},"query-input":"required name=search_term_string"}],"inLanguage":"en-US"}]}},"_links":{"self":[{"href":"https:\/\/bensonsclark.com\/english\/wp-json\/wp\/v2\/pages\/5414"}],"collection":[{"href":"https:\/\/bensonsclark.com\/english\/wp-json\/wp\/v2\/pages"}],"about":[{"href":"https:\/\/bensonsclark.com\/english\/wp-json\/wp\/v2\/types\/page"}],"author":[{"embeddable":true,"href":"https:\/\/bensonsclark.com\/english\/wp-json\/wp\/v2\/users\/1"}],"replies":[{"embeddable":true,"href":"https:\/\/bensonsclark.com\/english\/wp-json\/wp\/v2\/comments?post=5414"}],"version-history":[{"count":8,"href":"https:\/\/bensonsclark.com\/english\/wp-json\/wp\/v2\/pages\/5414\/revisions"}],"predecessor-version":[{"id":5461,"href":"https:\/\/bensonsclark.com\/english\/wp-json\/wp\/v2\/pages\/5414\/revisions\/5461"}],"wp:attachment":[{"href":"https:\/\/bensonsclark.com\/english\/wp-json\/wp\/v2\/media?parent=5414"}],"curies":[{"name":"wp","href":"https:\/\/api.w.org\/{rel}","templated":true}]}}